{"id":34,"date":"2014-01-11T20:40:31","date_gmt":"2014-01-11T19:40:31","guid":{"rendered":"http:\/\/tilman-rossmy.de\/?page_id=34"},"modified":"2015-11-13T13:35:08","modified_gmt":"2015-11-13T12:35:08","slug":"34-2","status":"publish","type":"page","link":"https:\/\/tilman-rossmy.de\/?page_id=34","title":{"rendered":"Ich weiss nicht wer du bist"},"content":{"rendered":"<div>Die neue Tilman Rossmy Quartett Platte &#8218;Ich weiss nicht wer du bist&#8216; ist da! Das war ein langer harter Ritt diesmal, aber jetzt sind wir alle super zufrieden mit dem Ergebnis.<a href=\"http:\/\/gaesteliste.de\/texte\/show.html?id=52fcccd19509194&#038;_nr=1498\" title=\"Interview\"> In diesem Interview<\/a> erz\u00e4hl ich ein bisschen mehr \u00fcber die Entstehung der Platte und wer daran beteiligt war. Es gibt auch eine CD, ganz simpel in einer Stecktasche oder jetzt auch die deluxe Version mit der EP &#8218;Intuition&#8216; und unserer Version von Roxy Music&#8217;s &#8218;More than this&#8216;, die du hier preiswert f\u00fcr 10 \u20ac oder 15 \u20ac erwerben kannst. Sobald wir eine Nachricht von Paypal \u00fcber deine Zahlung erhalten, schicken wir dir dann auch einen Download Link, so dass du die Platte schon mal anh\u00f6ren kannst, bis dir der Brieftr\u00e4ger das Teil vorbeibringt.<\/p>\n<form action=\"https:\/\/www.paypal.com\/cgi-bin\/webscr\" method=\"post\" target=\"_top\">\n<input type=\"hidden\" name=\"cmd\" value=\"_s-xclick\"><\/p>\n<table>\n<tr>\n<td><input type=\"hidden\" name=\"on0\" value=\"Version\">Version<\/td>\n<\/tr>\n<tr>\n<td><select name=\"os0\"><option value=\"Pappschuber\">Pappschuber \u20ac10.00 EUR<\/option><option value=\"Deluxe\">Deluxe \u20ac15.00 EUR<\/option><\/select> <\/td>\n<\/tr>\n<\/table>\n<p><input type=\"hidden\" name=\"currency_code\" value=\"EUR\"><br \/>\n<input type=\"hidden\" name=\"encrypted\" value=\"-----BEGIN PKCS7-----MIIHuQYJKoZIhvcNAQcEoIIHqjCCB6YCAQExggEwMIIBLAIBADCBlDCBjjELMAkGA1UEBhMCVVMxCzAJBgNVBAgTAkNBMRYwFAYDVQQHEw1Nb3VudGFpbiBWaWV3MRQwEgYDVQQKEwtQYXlQYWwgSW5jLjETMBEGA1UECxQKbGl2ZV9jZXJ0czERMA8GA1UEAxQIbGl2ZV9hcGkxHDAaBgkqhkiG9w0BCQEWDXJlQHBheXBhbC5jb20CAQAwDQYJKoZIhvcNAQEBBQAEgYBCr+18eKTLhSfj3+HYC3rTLS5Y1e6wYG8NnC6mf9MiT\/mipwmtySUwSvvzCeGRxqYzLRp30V8W3P1g23mhMd06HUtJm9UaWfjyqGjGfT+WllCzN\/lnum3jHXl7VXagq4u4TH4CqSkGD7RszkGFLt5ByqpQcl8RLgV0awU+f+KWGjELMAkGBSsOAwIaBQAwggE1BgkqhkiG9w0BBwEwFAYIKoZIhvcNAwcECK3z8B2G66EpgIIBEGaXvPsKY\/qFMFfEunzr7SJuY+Gs1+KKzqe3NZh1Yi\/dMtQxUD3HIsQgUHzQwRN1H\/oNRXTFjQngfDGRsrby3NwURwT2lUuE\/F\/8cB5A9VU2\/7rg17uub8pnnUloeidieb4gQcWG\/00EqbtK1SNQtayGvRILKZ9\/+x5usyV8l2D+ftfD9XbXc35GmMPsDzsn4vkB2wFhjn4ZOzB8MX4YMYQ73aySHcVAkmQvaM20ytkeA\/K2ApZjy9aILYAHjw8vjgc5cQ14YTcopSHypzHTd26zqPYOOnA7Cb80VYKI0P4Q\/sGpQx2rFciBqyKt3LsGaCTNypffNpMn4bdBJP\/3KM379ampxtWm6VFUlgj4W8BdoIIDhzCCA4MwggLsoAMCAQICAQAwDQYJKoZIhvcNAQEFBQAwgY4xCzAJBgNVBAYTAlVTMQswCQYDVQQIEwJDQTEWMBQGA1UEBxMNTW91bnRhaW4gVmlldzEUMBIGA1UEChMLUGF5UGFsIEluYy4xEzARBgNVBAsUCmxpdmVfY2VydHMxETAPBgNVBAMUCGxpdmVfYXBpMRwwGgYJKoZIhvcNAQkBFg1yZUBwYXlwYWwuY29tMB4XDTA0MDIxMzEwMTMxNVoXDTM1MDIxMzEwMTMxNVowgY4xCzAJBgNVBAYTAlVTMQswCQYDVQQIEwJDQTEWMBQGA1UEBxMNTW91bnRhaW4gVmlldzEUMBIGA1UEChMLUGF5UGFsIEluYy4xEzARBgNVBAsUCmxpdmVfY2VydHMxETAPBgNVBAMUCGxpdmVfYXBpMRwwGgYJKoZIhvcNAQkBFg1yZUBwYXlwYWwuY29tMIGfMA0GCSqGSIb3DQEBAQUAA4GNADCBiQKBgQDBR07d\/ETMS1ycjtkpkvjXZe9k+6CieLuLsPumsJ7QC1odNz3sJiCbs2wC0nLE0uLGaEtXynIgRqIddYCHx88pb5HTXv4SZeuv0Rqq4+axW9PLAAATU8w04qqjaSXgbGLP3NmohqM6bV9kZZwZLR\/klDaQGo1u9uDb9lr4Yn+rBQIDAQABo4HuMIHrMB0GA1UdDgQWBBSWn3y7xm8XvVk\/UtcKG+wQ1mSUazCBuwYDVR0jBIGzMIGwgBSWn3y7xm8XvVk\/UtcKG+wQ1mSUa6GBlKSBkTCBjjELMAkGA1UEBhMCVVMxCzAJBgNVBAgTAkNBMRYwFAYDVQQHEw1Nb3VudGFpbiBWaWV3MRQwEgYDVQQKEwtQYXlQYWwgSW5jLjETMBEGA1UECxQKbGl2ZV9jZXJ0czERMA8GA1UEAxQIbGl2ZV9hcGkxHDAaBgkqhkiG9w0BCQEWDXJlQHBheXBhbC5jb22CAQAwDAYDVR0TBAUwAwEB\/zANBgkqhkiG9w0BAQUFAAOBgQCBXzpWmoBa5e9fo6ujionW1hUhPkOBakTr3YCDjbYfvJEiv\/2P+IobhOGJr85+XHhN0v4gUkEDI8r2\/rNk1m0GA8HKddvTjyGw\/XqXa+LSTlDYkqI8OwR8GEYj4efEtcRpRYBxV8KxAW93YDWzFGvruKnnLbDAF6VR5w\/cCMn5hzGCAZowggGWAgEBMIGUMIGOMQswCQYDVQQGEwJVUzELMAkGA1UECBMCQ0ExFjAUBgNVBAcTDU1vdW50YWluIFZpZXcxFDASBgNVBAoTC1BheVBhbCBJbmMuMRMwEQYDVQQLFApsaXZlX2NlcnRzMREwDwYDVQQDFAhsaXZlX2FwaTEcMBoGCSqGSIb3DQEJARYNcmVAcGF5cGFsLmNvbQIBADAJBgUrDgMCGgUAoF0wGAYJKoZIhvcNAQkDMQsGCSqGSIb3DQEHATAcBgkqhkiG9w0BCQUxDxcNMTUxMTEzMTEwNDQ0WjAjBgkqhkiG9w0BCQQxFgQUvxGafUwYaIIclTujcHtztkzuGigwDQYJKoZIhvcNAQEBBQAEgYCZ3+eOl+6\/+z1pQHOxsZNReLXC9WjWx3YwcvK+0rrk0aSIKmNavKRNa81n9nQsSQL4nUO0KmoQmSKBEGkECuho44HUkwYkJoTXxo9WgVQDc5Uh3CcG5IHAP8MZCPl5a3HA9dPMlJkKbQNj9LTwavHJOYqtoiubGCd9k6Ew5U1qwA==-----END PKCS7-----\n\"><br \/>\n<input type=\"image\" src=\"https:\/\/www.paypalobjects.com\/de_DE\/CH\/i\/btn\/btn_buynow_SM.gif\" border=\"0\" name=\"submit\" alt=\"Jetzt einfach, schnell und sicher online bezahlen \u2013 mit PayPal.\"><br \/>\n<img loading=\"lazy\" decoding=\"async\" alt=\"\" border=\"0\" src=\"https:\/\/www.paypalobjects.com\/de_DE\/i\/scr\/pixel.gif\" width=\"1\" height=\"1\"><br \/>\n<\/form>\n","protected":false},"excerpt":{"rendered":"<p>Die neue Tilman Rossmy Quartett Platte &#8218;Ich weiss nicht wer du bist&#8216; ist da! Das war ein langer harter Ritt [&hellip;]<\/p>\n","protected":false},"author":1,"featured_media":0,"parent":0,"menu_order":0,"comment_status":"open","ping_status":"open","template":"","meta":{"site-sidebar-layout":"default","site-content-layout":"","ast-site-content-layout":"default","site-content-style":"default","site-sidebar-style":"default","ast-global-header-display":"","ast-banner-title-visibility":"","ast-main-header-display":"","ast-hfb-above-header-display":"","ast-hfb-below-header-display":"","ast-hfb-mobile-header-display":"","site-post-title":"","ast-breadcrumbs-content":"","ast-featured-img":"","footer-sml-layout":"","ast-disable-related-posts":"","theme-transparent-header-meta":"","adv-header-id-meta":"","stick-header-meta":"","header-above-stick-meta":"","header-main-stick-meta":"","header-below-stick-meta":"","astra-migrate-meta-layouts":"default","ast-page-background-enabled":"default","ast-page-background-meta":{"desktop":{"background-color":"var(--ast-global-color-5)","background-image":"","background-repeat":"repeat","background-position":"center center","background-size":"auto","background-attachment":"scroll","background-type":"","background-media":"","overlay-type":"","overlay-color":"","overlay-opacity":"","overlay-gradient":""},"tablet":{"background-color":"","background-image":"","background-repeat":"repeat","background-position":"center center","background-size":"auto","background-attachment":"scroll","background-type":"","background-media":"","overlay-type":"","overlay-color":"","overlay-opacity":"","overlay-gradient":""},"mobile":{"background-color":"","background-image":"","background-repeat":"repeat","background-position":"center center","background-size":"auto","background-attachment":"scroll","background-type":"","background-media":"","overlay-type":"","overlay-color":"","overlay-opacity":"","overlay-gradient":""}},"ast-content-background-meta":{"desktop":{"background-color":"var(--ast-global-color-4)","background-image":"","background-repeat":"repeat","background-position":"center center","background-size":"auto","background-attachment":"scroll","background-type":"","background-media":"","overlay-type":"","overlay-color":"","overlay-opacity":"","overlay-gradient":""},"tablet":{"background-color":"var(--ast-global-color-4)","background-image":"","background-repeat":"repeat","background-position":"center center","background-size":"auto","background-attachment":"scroll","background-type":"","background-media":"","overlay-type":"","overlay-color":"","overlay-opacity":"","overlay-gradient":""},"mobile":{"background-color":"var(--ast-global-color-4)","background-image":"","background-repeat":"repeat","background-position":"center center","background-size":"auto","background-attachment":"scroll","background-type":"","background-media":"","overlay-type":"","overlay-color":"","overlay-opacity":"","overlay-gradient":""}},"footnotes":""},"class_list":["post-34","page","type-page","status-publish","hentry"],"_links":{"self":[{"href":"https:\/\/tilman-rossmy.de\/index.php?rest_route=\/wp\/v2\/pages\/34","targetHints":{"allow":["GET"]}}],"collection":[{"href":"https:\/\/tilman-rossmy.de\/index.php?rest_route=\/wp\/v2\/pages"}],"about":[{"href":"https:\/\/tilman-rossmy.de\/index.php?rest_route=\/wp\/v2\/types\/page"}],"author":[{"embeddable":true,"href":"https:\/\/tilman-rossmy.de\/index.php?rest_route=\/wp\/v2\/users\/1"}],"replies":[{"embeddable":true,"href":"https:\/\/tilman-rossmy.de\/index.php?rest_route=%2Fwp%2Fv2%2Fcomments&post=34"}],"version-history":[{"count":62,"href":"https:\/\/tilman-rossmy.de\/index.php?rest_route=\/wp\/v2\/pages\/34\/revisions"}],"predecessor-version":[{"id":290,"href":"https:\/\/tilman-rossmy.de\/index.php?rest_route=\/wp\/v2\/pages\/34\/revisions\/290"}],"wp:attachment":[{"href":"https:\/\/tilman-rossmy.de\/index.php?rest_route=%2Fwp%2Fv2%2Fmedia&parent=34"}],"curies":[{"name":"wp","href":"https:\/\/api.w.org\/{rel}","templated":true}]}}