{"id":354,"date":"2016-11-23T19:59:29","date_gmt":"2016-11-23T18:59:29","guid":{"rendered":"http:\/\/tilman-rossmy.de\/?page_id=354"},"modified":"2025-09-29T21:06:15","modified_gmt":"2025-09-29T20:06:15","slug":"die-regierung-raus-ab-24-03-2017-auf-staatsakt","status":"publish","type":"page","link":"https:\/\/tilman-rossmy.de\/","title":{"rendered":""},"content":{"rendered":"<h3><img loading=\"lazy\" decoding=\"async\" class=\"alignnone wp-image-400\" src=\"https:\/\/tilman-rossmy.de\/wp-content\/uploads\/2025\/09\/P1120097-1-300x300.jpg\" alt=\"\" width=\"500\" height=\"502\" srcset=\"https:\/\/tilman-rossmy.de\/wp-content\/uploads\/2025\/09\/P1120097-1-300x300.jpg 300w, https:\/\/tilman-rossmy.de\/wp-content\/uploads\/2025\/09\/P1120097-1-150x150.jpg 150w, https:\/\/tilman-rossmy.de\/wp-content\/uploads\/2025\/09\/P1120097-1-768x772.jpg 768w, https:\/\/tilman-rossmy.de\/wp-content\/uploads\/2025\/09\/P1120097-1-493x495.jpg 493w, https:\/\/tilman-rossmy.de\/wp-content\/uploads\/2025\/09\/P1120097-1-850x854.jpg 850w, https:\/\/tilman-rossmy.de\/wp-content\/uploads\/2025\/09\/P1120097-1.jpg 1000w\" sizes=\"auto, (max-width: 500px) 100vw, 500px\" \/><\/h3>\n<h3>\n<strong>Die Regierung &#8211; Immer Unbekannt ab Januar 2026 auf <a href=\"http:\/\/staatsakt.de\">Staatsakt<\/a><\/strong><br \/>\n<strong>Tour:<\/strong><br \/>\n<strong>8.3.26 K\u00f6ln &#8211; H\u00e4ngende G\u00e4rten<\/strong><br \/>\n<strong>10.3.26 M\u00fcnchen &#8211; Import Export<\/strong><br \/>\n<strong>11.3.26 W\u00fcrzburg &#8211; Z 87<\/strong><br \/>\n<strong>12.3.26 Wuppertal &#8211; B\u00f6rse<\/strong><br \/>\n<strong>13.3.26 Hamburg &#8211; Hafenklang<\/strong><br \/>\n<strong>14.3.26 Berlin &#8211; Neue Zukunft ( kleiner Raum)<\/strong><\/h3>\n","protected":false},"excerpt":{"rendered":"<p>Die Regierung &#8211; Immer Unbekannt ab Januar 2026 auf Staatsakt Tour: 8.3.26 K\u00f6ln &#8211; H\u00e4ngende G\u00e4rten 10.3.26 M\u00fcnchen &#8211; Import [&hellip;]<\/p>\n","protected":false},"author":1,"featured_media":0,"parent":0,"menu_order":0,"comment_status":"closed","ping_status":"closed","template":"","meta":{"site-sidebar-layout":"default","site-content-layout":"","ast-site-content-layout":"default","site-content-style":"default","site-sidebar-style":"default","ast-global-header-display":"","ast-banner-title-visibility":"","ast-main-header-display":"","ast-hfb-above-header-display":"","ast-hfb-below-header-display":"","ast-hfb-mobile-header-display":"","site-post-title":"","ast-breadcrumbs-content":"","ast-featured-img":"","footer-sml-layout":"","ast-disable-related-posts":"","theme-transparent-header-meta":"","adv-header-id-meta":"","stick-header-meta":"","header-above-stick-meta":"","header-main-stick-meta":"","header-below-stick-meta":"","astra-migrate-meta-layouts":"default","ast-page-background-enabled":"default","ast-page-background-meta":{"desktop":{"background-color":"var(--ast-global-color-5)","background-image":"","background-repeat":"repeat","background-position":"center center","background-size":"auto","background-attachment":"scroll","background-type":"","background-media":"","overlay-type":"","overlay-color":"","overlay-opacity":"","overlay-gradient":""},"tablet":{"background-color":"","background-image":"","background-repeat":"repeat","background-position":"center center","background-size":"auto","background-attachment":"scroll","background-type":"","background-media":"","overlay-type":"","overlay-color":"","overlay-opacity":"","overlay-gradient":""},"mobile":{"background-color":"","background-image":"","background-repeat":"repeat","background-position":"center center","background-size":"auto","background-attachment":"scroll","background-type":"","background-media":"","overlay-type":"","overlay-color":"","overlay-opacity":"","overlay-gradient":""}},"ast-content-background-meta":{"desktop":{"background-color":"var(--ast-global-color-4)","background-image":"","background-repeat":"repeat","background-position":"center center","background-size":"auto","background-attachment":"scroll","background-type":"","background-media":"","overlay-type":"","overlay-color":"","overlay-opacity":"","overlay-gradient":""},"tablet":{"background-color":"var(--ast-global-color-4)","background-image":"","background-repeat":"repeat","background-position":"center center","background-size":"auto","background-attachment":"scroll","background-type":"","background-media":"","overlay-type":"","overlay-color":"","overlay-opacity":"","overlay-gradient":""},"mobile":{"background-color":"var(--ast-global-color-4)","background-image":"","background-repeat":"repeat","background-position":"center center","background-size":"auto","background-attachment":"scroll","background-type":"","background-media":"","overlay-type":"","overlay-color":"","overlay-opacity":"","overlay-gradient":""}},"footnotes":""},"class_list":["post-354","page","type-page","status-publish","hentry"],"_links":{"self":[{"href":"https:\/\/tilman-rossmy.de\/index.php?rest_route=\/wp\/v2\/pages\/354","targetHints":{"allow":["GET"]}}],"collection":[{"href":"https:\/\/tilman-rossmy.de\/index.php?rest_route=\/wp\/v2\/pages"}],"about":[{"href":"https:\/\/tilman-rossmy.de\/index.php?rest_route=\/wp\/v2\/types\/page"}],"author":[{"embeddable":true,"href":"https:\/\/tilman-rossmy.de\/index.php?rest_route=\/wp\/v2\/users\/1"}],"replies":[{"embeddable":true,"href":"https:\/\/tilman-rossmy.de\/index.php?rest_route=%2Fwp%2Fv2%2Fcomments&post=354"}],"version-history":[{"count":17,"href":"https:\/\/tilman-rossmy.de\/index.php?rest_route=\/wp\/v2\/pages\/354\/revisions"}],"predecessor-version":[{"id":413,"href":"https:\/\/tilman-rossmy.de\/index.php?rest_route=\/wp\/v2\/pages\/354\/revisions\/413"}],"wp:attachment":[{"href":"https:\/\/tilman-rossmy.de\/index.php?rest_route=%2Fwp%2Fv2%2Fmedia&parent=354"}],"curies":[{"name":"wp","href":"https:\/\/api.w.org\/{rel}","templated":true}]}}